{"id":90271,"date":"2014-05-26T15:48:39","date_gmt":"2014-05-26T13:48:39","guid":{"rendered":"https:\/\/www.costablanca.homes\/about\/"},"modified":"2026-03-07T15:04:18","modified_gmt":"2026-03-07T14:04:18","slug":"a-propos-de-nous","status":"publish","type":"page","link":"https:\/\/www.costablanca.homes\/fr\/a-propos-de-nous\/","title":{"rendered":"\u00c0 Propos de Nous"},"content":{"rendered":"<h2>\u00c0 propos de Costa Blanca Homes\u00a0: Votre partenaire immobilier de confiance \u00e0 J\u00e1vea<\/h2>\n<p>Bienvenue chez <strong>Costa Blanca Homes<\/strong>, agence immobili\u00e8re de prestige situ\u00e9e au c\u0153ur de <strong>J\u00e1vea (X\u00e0bia)<\/strong>. Que vous recherchiez une villa de vacances ensoleill\u00e9e, un programme immobilier neuf moderne ou un investissement rentable, nous sommes l\u00e0 pour concr\u00e9tiser vos r\u00eaves m\u00e9diterran\u00e9ens.<\/p>\n<p>Passionn\u00e9s par la <strong>Costa Blanca Nord<\/strong> et forts d'une longue exp\u00e9rience locale, nous vous offrons un service sur mesure, transparent et professionnel, con\u00e7u pour vous guider avec aisance \u00e0 travers les subtilit\u00e9s du march\u00e9 immobilier espagnol.<\/p>\n<h2>Pourquoi choisir Costa Blanca Homes\u00a0?<\/h2>\n<p>La Costa Blanca, c'est bien plus qu'un littoral\u00a0; c'est un art de vivre. Du Montg\u00f3 embl\u00e9matique aux eaux cristallines de la plage d'Arenal, en passant par le charme historique de la vieille ville de J\u00e1vea, nous comprenons ce qui rend cette r\u00e9gion si sp\u00e9ciale. Notre mission est de proposer \u00e0 nos clients des propri\u00e9t\u00e9s qui refl\u00e8tent cet esprit m\u00e9diterran\u00e9en unique.<\/p>\n<p>Ce qui nous distingue, c'est notre approche globale de l'immobilier. Nous ne nous contentons pas de \u00ab lister \u00bb des biens ; nous cr\u00e9ons des opportunit\u00e9s. Nous sommes fiers de notre int\u00e9grit\u00e9, de notre r\u00e9seau local et de notre engagement envers l'excellence, garantissant \u00e0 chaque client \u2013 \u200b\u200bdu primo-acc\u00e9dant au promoteur exp\u00e9riment\u00e9 \u2013 le m\u00eame niveau d'attention.<\/p>\n<h2>Nos principaux domaines d'expertise<\/h2>\n<p>Chez <strong>Costa Blanca Homes<\/strong>, nous avons structur\u00e9 notre activit\u00e9 autour de trois piliers fondamentaux pour r\u00e9pondre \u00e0 tous les besoins du march\u00e9 immobilier :<\/p>\n<h3>1. Propri\u00e9t\u00e9s d'occasion<\/h3>\n<p>Le march\u00e9 des <strong><a href=\"https:\/\/www.costablanca.homes\/fr\/proprietes-occasion\/\">Propri\u00e9t\u00e9s d'occasion<\/a><\/strong> et dans ses environs est dynamique et diversifi\u00e9. Des fincas espagnoles traditionnelles aux plafonds \u00e0 poutres apparentes caract\u00e9ristiques aux appartements modernes et \u00e9l\u00e9gants du port, notre s\u00e9lection de biens en revente est rigoureusement choisie. Nous accompagnons les acheteurs dans la recherche du bien id\u00e9al et aidons les vendeurs \u00e0 obtenir le meilleur prix gr\u00e2ce \u00e0 un marketing cibl\u00e9 et performant.<\/p>\n<h3>2. Projets et nouvelles constructions<\/h3>\n<p>Pour ceux qui souhaitent personnaliser leur logement, notre division <strong><a href=\"https:\/\/www.costablanca.homes\/fr\/projets-nouvelles-constructions\/\">Projets et nouvelles constructions<\/a><\/strong> est sans \u00e9gale. Nous collaborons avec les architectes et constructeurs les plus r\u00e9put\u00e9s de la r\u00e9gion pour vous proposer des designs avant-gardistes, des villas \u00e9conomes en \u00e9nergie et des opportunit\u00e9s d'achat sur plan. Nous vous accompagnons tout au long du processus, du choix du terrain jusqu'\u00e0 la remise des cl\u00e9s de votre nouvelle maison.<\/p>\n<h3>3. Investissement et D\u00e9veloppement Immobili\u00e8re<\/h3>\n<p>La Costa Blanca demeure l'une des r\u00e9gions les plus stables et les plus rentables d'Europe pour la croissance immobili\u00e8re. Notre \u00e9quipe <strong><a href=\"https:\/\/www.costablanca.homes\/fr\/investissement-developpement-immobilier\/\" target=\"_blank\" rel=\"noopener\">Investissement et D\u00e9veloppement Immobilier<\/a><\/strong> fournit des conseils d'experts bas\u00e9s sur des donn\u00e9es aux investisseurs. Que vous recherchiez un investissement locatif saisonnier, un projet de r\u00e9novation pour une plus-value ou un projet d'am\u00e9nagement foncier d'envergure, nous vous apportons la connaissance du march\u00e9 local n\u00e9cessaire pour optimiser votre retour sur investissement.<\/p>\n<h2>Une approche personnalis\u00e9e du march\u00e9 espagnol<\/h2>\n<p>Acheter un bien immobilier en Espagne peut s'av\u00e9rer complexe. Chez <strong>Costa Blanca Homes<\/strong>, nous facilitons la r\u00e9alisation de votre projet immobilier. Nous privil\u00e9gions une approche centr\u00e9e sur le client et vous offrons\u00a0:<\/p>\n<ul>\n<li><strong>Connaissance du march\u00e9 local\u00a0:<\/strong> Une connaissance approfondie des meilleurs quartiers de J\u00e1vea, Moraira et D\u00e9nia.<\/li>\n<li><strong>Assistance multilingue\u00a0:<\/strong> Nous parlons votre langue pour une communication claire \u00e0 chaque \u00e9tape.<\/li>\n<li><strong>R\u00e9seau de professionnels\u00a0:<\/strong> Acc\u00e8s \u00e0 des avocats, des conseillers fiscaux et des architectes de confiance.<\/li>\n<li><strong>Service complet\u00a0:<\/strong> Des premi\u00e8res visites et n\u00e9gociations de prix \u00e0 la signature de l\u2019acte notari\u00e9 et au suivi apr\u00e8s-vente.<\/li>\n<\/ul>\n<h2>Adoptez le style de vie de la Costa Blanca\u00a0!<\/h2>\n<p>Bas\u00e9s \u00e0 J\u00e1vea, nous sommes fiers de faire partie d\u2019une communaut\u00e9 qui valorise la qualit\u00e9 de vie, 300 jours de soleil par an et une gastronomie de renomm\u00e9e mondiale. Chez <strong>Costa Blanca Homes<\/strong>, nous ne nous contentons pas de vendre des maisons\u00a0; nous vous aidons \u00e0 trouver votre havre de paix au soleil.<\/p>\n<p><strong>Pr\u00eat \u00e0 commencer votre aventure?<\/strong><\/p>\n<p>D\u00e9couvrez <strong><a href=\"https:\/\/www.costablanca.homes\/fr\/proprietes-a-vendre\/\">nos derni\u00e8res annonces<\/a><\/strong> ou <strong><a href=\"https:\/\/www.costablanca.homes\/fr\/contactez-nous\/\">contactez notre \u00e9quipe d'experts d\u00e8s aujourd'hui<\/a><\/strong> pour discuter de vos besoins.<\/p>\n","protected":false},"excerpt":{"rendered":"<p>\u00c0 propos de Costa Blanca Homes\u00a0: Votre partenaire immobilier de confiance \u00e0 J\u00e1vea Bienvenue chez Costa Blanca Homes, agence immobili\u00e8re de prestige situ\u00e9e au c\u0153ur de J\u00e1vea (X\u00e0bia). Que vous recherchiez une villa de vacances ensoleill\u00e9e, un programme immobilier neuf moderne ou un investissement rentable, nous sommes l\u00e0 pour concr\u00e9tiser vos r\u00eaves m\u00e9diterran\u00e9ens. Passionn\u00e9s par [&hellip;]<\/p>\n","protected":false},"author":5,"featured_media":0,"parent":0,"menu_order":0,"comment_status":"closed","ping_status":"closed","template":"","meta":{"_acf_changed":false,"_seopress_robots_primary_cat":"","_seopress_titles_title":"","_seopress_titles_desc":"Vous recherchez un bien immobilier \u00e0 J\u00e1vea\u00a0? Costa Blanca Homes est sp\u00e9cialis\u00e9e dans les propri\u00e9t\u00e9s de luxe en revente, les programmes immobiliers neufs et l\u2019investissement immobilier sur la Costa Blanca Nord. Trouvez la maison de vos r\u00eaves en Espagne avec notre \u00e9quipe d\u2019experts.","_seopress_robots_index":"","_seopress_analysis_target_kw":"","footnotes":""},"class_list":["post-90271","page","type-page","status-publish","hentry"],"acf":[],"_links":{"self":[{"href":"https:\/\/www.costablanca.homes\/fr\/wp-json\/wp\/v2\/pages\/90271","targetHints":{"allow":["GET"]}}],"collection":[{"href":"https:\/\/www.costablanca.homes\/fr\/wp-json\/wp\/v2\/pages"}],"about":[{"href":"https:\/\/www.costablanca.homes\/fr\/wp-json\/wp\/v2\/types\/page"}],"author":[{"embeddable":true,"href":"https:\/\/www.costablanca.homes\/fr\/wp-json\/wp\/v2\/users\/5"}],"replies":[{"embeddable":true,"href":"https:\/\/www.costablanca.homes\/fr\/wp-json\/wp\/v2\/comments?post=90271"}],"version-history":[{"count":0,"href":"https:\/\/www.costablanca.homes\/fr\/wp-json\/wp\/v2\/pages\/90271\/revisions"}],"wp:attachment":[{"href":"https:\/\/www.costablanca.homes\/fr\/wp-json\/wp\/v2\/media?parent=90271"}],"curies":[{"name":"wp","href":"https:\/\/api.w.org\/{rel}","templated":true}]}}