{"id":133742,"date":"2025-07-18T15:27:59","date_gmt":"2025-07-18T13:27:59","guid":{"rendered":"https:\/\/www.costablanca.homes\/?page_id=133742"},"modified":"2025-07-24T15:14:03","modified_gmt":"2025-07-24T13:14:03","slug":"proprietes-occasion","status":"publish","type":"page","link":"https:\/\/www.costablanca.homes\/fr\/a-propos-de-nous\/proprietes-occasion\/","title":{"rendered":"Propri\u00e9t\u00e9s d'occasion"},"content":{"rendered":"<h2>Votre investissement intelligent sur la Costa Blanca !<\/h2>\n<p>Chez <strong>COSTA BLANCA HOMES<\/strong>, nous savons que les meilleures opportunit\u00e9s n'attendent pas. Notre s\u00e9lection exclusive de <strong>propri\u00e9t\u00e9s d'occasion<\/strong>, principalement \u00e0 J\u00e1vea, D\u00e9nia et sur la Costa Blanca, vous permet de faire des trouvailles exceptionnelles : des propri\u00e9t\u00e9s avec un <strong>prix imbattable<\/strong>, un <strong>fort potentiel d'appr\u00e9ciation<\/strong> ou un <strong>emplacement privil\u00e9gi\u00e9<\/strong> que l'on trouve rarement sur le march\u00e9. Si vous \u00eates \u00e0 la recherche d'un achat strat\u00e9gique pour vivre, investir ou r\u00e9former \u00e0 votre guise, <strong>c'est le moment ou jamais!<\/strong><br \/>\n<!-- \n\n<h3>Types d'opportunit\u00e9s que vous trouverez :<\/h3>\n\n\n\n\n<ul>\n \t\n\n<li>\n\n\n<h4>Villas avec potentiel dans et autour de J\u00e1vea - Id\u00e9al pour la transformation !<\/h4>\n\n\nUne excellente opportunit\u00e9 pour les investisseurs ou ceux qui r\u00eavent de concevoir leur maison \u00e0 partir de z\u00e9ro. Cette propri\u00e9t\u00e9 offre une base solide et une situation enviable, pr\u00eate \u00e0 \u00eatre transform\u00e9e en un joyau de la Costa Blanca.<\/li>\n\n\n \t\n\n<li>\n\n\n<h4>Appartement avec vue sur la c\u00f4te - Prix imbattable !<\/h4>\n\n\nUne bonne affaire sur le march\u00e9 actuel. Cet appartement [d\u00e9crit bri\u00e8vement une caract\u00e9ristique cl\u00e9 : lumineux, avec terrasse, proche de la plage] offre tous les avantages de la r\u00e9gion \u00e0 un prix que vous ne trouverez nulle part ailleurs. Un investissement intelligent pour une entr\u00e9e imm\u00e9diate ou une location.<\/li>\n\n\n \t\n\n<li>\n\n\n<h4>Finca de charme dans une r\u00e9gion c\u00f4ti\u00e8re int\u00e9rieure - Une retraite paisible \u00e0 port\u00e9e de main<\/h4>\n\n\nD\u00e9couvrez la s\u00e9r\u00e9nit\u00e9 de cette finca unique qui, malgr\u00e9 son prix avantageux, conserve le charme rustique et l'intimit\u00e9 que vous recherchez. Elle est id\u00e9ale pour \u00e9chapper \u00e0 l'agitation et profiter de la nature sans \u00eatre trop loin des commodit\u00e9s.<\/li>\n\n\n \t\n\n<li>\n\n\n<h4>Villa familiale dans et autour de J\u00e1vea - Opportunit\u00e9 unique Vente rapide<\/h4>\n\n\nCette magnifique villa familiale, pr\u00eate \u00e0 \u00eatre emm\u00e9nag\u00e9e, est propos\u00e9e \u00e0 un prix tr\u00e8s raisonnable pour une vente rapide. C'est une occasion en or pour ceux qui cherchent \u00e0 s'installer dans la r\u00e9gion de D\u00e9nia\/J\u00e1vea sans attente et sans tracas.<\/li>\n\n\n<\/ul>\n\n --><\/p>\n<h3>Ne laissez pas passer votre chance !<\/h3>\n<p>Les <strong>propri\u00e9t\u00e9s de seconde main<\/strong> sont tr\u00e8s demand\u00e9es et se vendent rapidement. <strong>Agissez d\u00e8s maintenant<\/strong> :<\/p>\n<ul>\n<li><strong>Contactez-nous d\u00e8s aujourd'hui<\/strong> pour recevoir les derni\u00e8res nouvelles ou pour organiser une visite.<\/li>\n<li><strong>Soyez les premiers inform\u00e9s<\/strong>: Inscrivez-vous \u00e0 nos alertes \u00ab Opportunit\u00e9s uniques \u00bb et recevez les meilleures offres directement par e-mail.<\/li>\n<\/ul>\n<p><strong>Points \u00e0 prendre en compte lors de la consultation des annonces:<\/strong><\/p>\n<p>Recherchez nos \u00e9tiquettes sp\u00e9ciales telles que \u00ab <strong>VENTE<\/strong> \u00bb, \u00ab <strong>REVENU<\/strong> \u00bb, \u00ab <strong>NOUVEAU PRIX<\/strong> \u00bb ou \u00ab <strong>INVESTISSEMENT<\/strong> \u00bb sur les vignettes des biens. Nous indiquons clairement le prix d'origine (le cas \u00e9ch\u00e9ant) et le nouveau prix r\u00e9duit afin que vous puissiez constater les \u00e9conomies r\u00e9alis\u00e9es. Nous donnons la priorit\u00e9 \u00e0 des photos de haute qualit\u00e9, m\u00eame pour les biens susceptibles d'\u00eatre r\u00e9nov\u00e9s, afin de vous montrer toutes les possibilit\u00e9s.<\/p>\n","protected":false},"excerpt":{"rendered":"<p>Votre investissement intelligent sur la Costa Blanca ! Chez COSTA BLANCA HOMES, nous savons que les meilleures opportunit\u00e9s n'attendent pas. Notre s\u00e9lection exclusive de propri\u00e9t\u00e9s d'occasion, principalement \u00e0 J\u00e1vea, D\u00e9nia et sur la Costa Blanca, vous permet de faire des trouvailles exceptionnelles : des propri\u00e9t\u00e9s avec un prix imbattable, un fort potentiel d'appr\u00e9ciation ou un [&hellip;]<\/p>\n","protected":false},"author":5,"featured_media":0,"parent":90271,"menu_order":1,"comment_status":"closed","ping_status":"closed","template":"","meta":{"_acf_changed":false,"_seopress_robots_primary_cat":"","_seopress_titles_title":"","_seopress_titles_desc":"","_seopress_robots_index":"","footnotes":""},"class_list":["post-133742","page","type-page","status-publish","hentry"],"acf":[],"_links":{"self":[{"href":"https:\/\/www.costablanca.homes\/fr\/wp-json\/wp\/v2\/pages\/133742","targetHints":{"allow":["GET"]}}],"collection":[{"href":"https:\/\/www.costablanca.homes\/fr\/wp-json\/wp\/v2\/pages"}],"about":[{"href":"https:\/\/www.costablanca.homes\/fr\/wp-json\/wp\/v2\/types\/page"}],"author":[{"embeddable":true,"href":"https:\/\/www.costablanca.homes\/fr\/wp-json\/wp\/v2\/users\/5"}],"replies":[{"embeddable":true,"href":"https:\/\/www.costablanca.homes\/fr\/wp-json\/wp\/v2\/comments?post=133742"}],"version-history":[{"count":0,"href":"https:\/\/www.costablanca.homes\/fr\/wp-json\/wp\/v2\/pages\/133742\/revisions"}],"up":[{"embeddable":true,"href":"https:\/\/www.costablanca.homes\/fr\/wp-json\/wp\/v2\/pages\/90271"}],"wp:attachment":[{"href":"https:\/\/www.costablanca.homes\/fr\/wp-json\/wp\/v2\/media?parent=133742"}],"curies":[{"name":"wp","href":"https:\/\/api.w.org\/{rel}","templated":true}]}}