{"id":133730,"date":"2025-07-18T15:26:29","date_gmt":"2025-07-18T13:26:29","guid":{"rendered":"https:\/\/www.costablanca.homes\/?page_id=133730"},"modified":"2025-07-24T15:18:47","modified_gmt":"2025-07-24T13:18:47","slug":"investissement-developpement-immobilier","status":"publish","type":"page","link":"https:\/\/www.costablanca.homes\/fr\/a-propos-de-nous\/investissement-developpement-immobilier\/","title":{"rendered":"Investissement et d\u00e9veloppement immobilier"},"content":{"rendered":"<h2>Maximisez votre rentabilit\u00e9<\/h2>\n<p>Vous souhaitez d\u00e9velopper votre portefeuille d'investissement ou lancer un projet de d\u00e9veloppement dans l'une des r\u00e9gions les plus attrayantes d'Espagne ? Chez <strong>COSTA BLANCA HOMES<\/strong>, nous sommes votre partenaire strat\u00e9gique pour <strong>r\u00e9ussir sur le march\u00e9 immobilier de la Costa Blanca<\/strong>. Notre section <strong>d'investissement et de d\u00e9veloppement<\/strong> est con\u00e7ue pour les investisseurs et les promoteurs qui cherchent \u00e0 <strong>maximiser leur rentabilit\u00e9<\/strong> dans un environnement de croissance \u00e9prouv\u00e9.<\/p>\n<p>La Costa Blanca, avec son climat privil\u00e9gi\u00e9, sa beaut\u00e9 naturelle et sa forte demande touristique, <strong>offre un terrain fertile pour un investissement intelligent<\/strong>. Qu'il s'agisse d'acqu\u00e9rir des terrains \u00e0 fort potentiel, de r\u00e9nover des propri\u00e9t\u00e9s de charme ou de d\u00e9velopper de nouveaux projets r\u00e9sidentiels de luxe, nous vous offrons des conseils d'experts et les opportunit\u00e9s qui font la diff\u00e9rence.<\/p>\n<h3>Services cl\u00e9s pour les investisseurs et les promoteurs<\/h3>\n<ul>\n<li>\n<h4>Identification des opportunit\u00e9s<\/h4>\n<p>Acc\u00e9dez \u00e0 <strong>un catalogue exclusif de propri\u00e9t\u00e9s et de biens immobiliers \u00e0 fort potentiel d'investissement et de d\u00e9veloppement<\/strong>. Il peut s'agir de terrains \u00e0 b\u00e2tir, de terrains destin\u00e9s \u00e0 des projets r\u00e9sidentiels ou commerciaux, de b\u00e2timents \u00e0 r\u00e9nover ou de propri\u00e9t\u00e9s n\u00e9cessitant des travaux de r\u00e9novation pour en augmenter la valeur. Nos liens \u00e9troits avec le march\u00e9 local nous permettent de rep\u00e9rer les opportunit\u00e9s avant qu'elles ne deviennent publiques.<\/li>\n<li>\n<h4>Analyse de faisabilit\u00e9 et de rentabilit\u00e9<\/h4>\n<p>Nous fournissons une <strong>\u00e9tude de march\u00e9 d\u00e9taill\u00e9e et une analyse de faisabilit\u00e9 financi\u00e8re<\/strong> pour chaque projet. Nous \u00e9valuons la rentabilit\u00e9 attendue, les co\u00fbts de d\u00e9veloppement, les risques associ\u00e9s et les projections de retour sur investissement (ROI), ce qui permet de prendre des d\u00e9cisions \u00e9clair\u00e9es et judicieuses.<\/li>\n<li>\n<h4>Conseils juridiques et urbanistiques<\/h4>\n<p>Naviguez en toute s\u00e9curit\u00e9 \u00e0 travers les r\u00e9glementations espagnoles. Notre \u00e9quipe offre des <strong>conseils d'experts sur les licences, le zonage, les r\u00e8glements d'urbanisme<\/strong> et tous les aspects juridiques n\u00e9cessaires au bon d\u00e9roulement de votre projet, de sa conception \u00e0 son ach\u00e8vement.<\/li>\n<li>\n<h4>Gestion de projet int\u00e9gr\u00e9e<\/h4>\n<p>Si vous en avez besoin, nous vous proposons un service complet de <strong>gestion de projet<\/strong>. Nous coordonnons tout, depuis la s\u00e9lection des architectes et des constructeurs jusqu'\u00e0 la supervision du chantier et au contr\u00f4le de la qualit\u00e9, en veillant \u00e0 ce que votre investissement soit ex\u00e9cut\u00e9 comme pr\u00e9vu et selon les normes les plus strictes.<\/li>\n<li>\n<h4>Marketing et vente<\/h4>\n<p>Une fois le d\u00e9veloppement achev\u00e9, nous mettons \u00e0 votre disposition notre <strong>vaste r\u00e9seau de contacts et nos strat\u00e9gies de marketing num\u00e9rique avanc\u00e9es<\/strong> pour assurer une commercialisation efficace et une vente r\u00e9ussie des propri\u00e9t\u00e9s, maximisant ainsi votre retour sur investissement.<\/li>\n<\/ul>\n<h3>Pourquoi investir et d\u00e9velopper avec nous sur la Costa Blanca ?<\/h3>\n<p>Chez <strong>COSTA BLANCA HOMES<\/strong>, nous ne nous contentons pas de vous proposer des propri\u00e9t\u00e9s, nous vous offrons une <strong>alliance strat\u00e9gique<\/strong>. Notre connaissance approfondie du march\u00e9 local de J\u00e1vea, D\u00e9nia et des zones environnantes, associ\u00e9e \u00e0 une \u00e9thique de travail transparente et \u00e0 un engagement total envers vos objectifs, fait de nous le partenaire id\u00e9al pour vos projets d'investissement et de d\u00e9veloppement.<\/p>\n<p><strong>Notre succ\u00e8s est votre succ\u00e8s<\/strong>. Faites confiance \u00e0 notre exp\u00e9rience pour transformer les opportunit\u00e9s en r\u00e9sultats tangibles et durables.<\/p>\n<p><strong>Pr\u00eat \u00e0 explorer votre prochain grand investissement ? Contactez-nous d\u00e8s aujourd'hui pour une consultation personnalis\u00e9e et d\u00e9couvrez le potentiel illimit\u00e9 de la Costa Blanca<\/strong>.<\/p>\n","protected":false},"excerpt":{"rendered":"<p>Maximisez votre rentabilit\u00e9 Vous souhaitez d\u00e9velopper votre portefeuille d'investissement ou lancer un projet de d\u00e9veloppement dans l'une des r\u00e9gions les plus attrayantes d'Espagne ? Chez COSTA BLANCA HOMES, nous sommes votre partenaire strat\u00e9gique pour r\u00e9ussir sur le march\u00e9 immobilier de la Costa Blanca. Notre section d'investissement et de d\u00e9veloppement est con\u00e7ue pour les investisseurs et [&hellip;]<\/p>\n","protected":false},"author":5,"featured_media":0,"parent":90271,"menu_order":3,"comment_status":"closed","ping_status":"closed","template":"","meta":{"_acf_changed":false,"_seopress_robots_primary_cat":"","_seopress_titles_title":"","_seopress_titles_desc":"","_seopress_robots_index":"","_seopress_analysis_target_kw":"","footnotes":""},"class_list":["post-133730","page","type-page","status-publish","hentry"],"acf":[],"_links":{"self":[{"href":"https:\/\/www.costablanca.homes\/fr\/wp-json\/wp\/v2\/pages\/133730","targetHints":{"allow":["GET"]}}],"collection":[{"href":"https:\/\/www.costablanca.homes\/fr\/wp-json\/wp\/v2\/pages"}],"about":[{"href":"https:\/\/www.costablanca.homes\/fr\/wp-json\/wp\/v2\/types\/page"}],"author":[{"embeddable":true,"href":"https:\/\/www.costablanca.homes\/fr\/wp-json\/wp\/v2\/users\/5"}],"replies":[{"embeddable":true,"href":"https:\/\/www.costablanca.homes\/fr\/wp-json\/wp\/v2\/comments?post=133730"}],"version-history":[{"count":0,"href":"https:\/\/www.costablanca.homes\/fr\/wp-json\/wp\/v2\/pages\/133730\/revisions"}],"up":[{"embeddable":true,"href":"https:\/\/www.costablanca.homes\/fr\/wp-json\/wp\/v2\/pages\/90271"}],"wp:attachment":[{"href":"https:\/\/www.costablanca.homes\/fr\/wp-json\/wp\/v2\/media?parent=133730"}],"curies":[{"name":"wp","href":"https:\/\/api.w.org\/{rel}","templated":true}]}}