{"id":133,"date":"2014-05-26T15:48:39","date_gmt":"2014-05-26T13:48:39","guid":{"rendered":"\/\/www.costablanca.homes\/?page_id=133"},"modified":"2026-03-07T15:03:17","modified_gmt":"2026-03-07T14:03:17","slug":"acerca-de-nosotros","status":"publish","type":"page","link":"https:\/\/www.costablanca.homes\/es\/acerca-de-nosotros\/","title":{"rendered":"Acerca de nosotros"},"content":{"rendered":"<h2>Acerca de Costa Blanca Homes: Su socio inmobiliario de confianza en J\u00e1vea<\/h2>\n<p>Bienvenido a <strong>Costa Blanca Homes<\/strong>, la agencia inmobiliaria boutique l\u00edder en el coraz\u00f3n de <strong>J\u00e1vea (X\u00e0bia)<\/strong>. Tanto si busca una villa vacacional soleada, un moderno proyecto de obra nueva o una oportunidad de inversi\u00f3n de alta rentabilidad, estamos aqu\u00ed para hacer realidad sus aspiraciones mediterr\u00e1neas.<\/p>\n<p>Con una profunda pasi\u00f3n por <strong>la Costa Blanca Norte<\/strong> y a\u00f1os de experiencia local, ofrecemos un servicio personalizado, transparente y profesional, dise\u00f1ado para que pueda comprender f\u00e1cilmente las particularidades del mercado inmobiliario espa\u00f1ol.<\/p>\n<h2>\u00bfPor qu\u00e9 elegir Costa Blanca Homes?<\/h2>\n<p>La Costa Blanca es m\u00e1s que una simple costa; es un estilo de vida. Desde el ic\u00f3nico Montg\u00f3 hasta las aguas cristalinas de la playa del Arenal y el encanto hist\u00f3rico del casco antiguo de J\u00e1vea, comprendemos qu\u00e9 hace a esta regi\u00f3n tan especial. Nuestra misi\u00f3n es conectar a nuestros clientes con propiedades que reflejen ese esp\u00edritu mediterr\u00e1neo \u00fanico.<\/p>\n<p>Lo que nos distingue es nuestro enfoque hol\u00edstico en el sector inmobiliario. No solo publicamos propiedades; seleccionamos oportunidades. Nos enorgullecemos de nuestra integridad, nuestra red local y nuestro compromiso con la excelencia, garantizando que cada cliente, desde quienes compran por primera vez hasta promotores experimentados, reciba el mismo alto nivel de atenci\u00f3n.<\/p>\n<h2>Nuestras Especialidades Principales<\/h2>\n<p>En <strong>Costa Blanca Homes<\/strong>, hemos estructurado nuestro negocio en torno a tres pilares fundamentales para atender todas las facetas del mercado inmobiliario:<\/p>\n<h3>1. Propiedades de segunda mano<\/h3>\n<p>El mercado de <strong><a href=\"https:\/\/www.costablanca.homes\/es\/acerca-de-nosotros\/propiedades-de-ocasion\/\" target=\"_blank\" rel=\"noopener\">Propiedades de segunda mano en J\u00e1vea<\/a><\/strong> y alrededores es din\u00e1mico y diverso. Desde fincas tradicionales espa\u00f1olas con techos con vigas de madera con car\u00e1cter hasta elegantes y modernos apartamentos en el Puerto, nuestra cartera de propiedades de segunda mano se selecciona cuidadosamente. Ayudamos a los compradores a encontrar la propiedad ideal y a los vendedores a conseguir el mejor valor de mercado mediante un marketing espec\u00edfico y de alto impacto.<\/p>\n<h3>2. Proyectos y obra nueva<\/h3>\n<p>Para quienes desean dejar su huella en una vivienda, nuestra divisi\u00f3n de <strong><a href=\"https:\/\/www.costablanca.homes\/es\/acerca-de-nosotros\/proyectos-y-obra-nueva\/\" target=\"_blank\" rel=\"noopener\">Proyectos y obra nueva<\/a><\/strong> es insuperable. Colaboramos con los arquitectos y constructores m\u00e1s destacados de la regi\u00f3n para ofrecer dise\u00f1os vanguardistas, villas energ\u00e9ticamente eficientes y oportunidades de compraventa sobre plano. Le guiamos durante todo el proceso, desde la selecci\u00f3n de la parcela hasta el momento de la entrega de la llave de su nuevo hogar.<\/p>\n<h3>3. Inversi\u00f3n y Desarrollo<\/h3>\n<p>La Costa Blanca sigue siendo una de las regiones m\u00e1s estables y lucrativas de Europa para el crecimiento inmobiliario. Nuestro equipo de <strong><a href=\"https:\/\/www.costablanca.homes\/es\/acerca-de-nosotros\/inversion-y-desarrollo-inmobiliario\/\" target=\"_blank\" rel=\"noopener\">Inversi\u00f3n y Desarrollo Inmobiliario<\/a><\/strong> ofrece asesoramiento experto basado en datos para inversores. Tanto si busca un alquiler vacacional para alquilar, un proyecto de renovaci\u00f3n para obtener una plusval\u00eda o un desarrollo inmobiliario a gran escala, le ofrecemos la perspectiva local necesaria para maximizar su retorno de la inversi\u00f3n.<\/p>\n<h2>Un enfoque personalizado al mercado espa\u00f1ol<\/h2>\n<p>Comprar una propiedad en Espa\u00f1a puede ser una experiencia compleja. En <strong>Costa Blanca Homes<\/strong>, te ayudamos a superar los tr\u00e1mites legales. Ofrecemos una experiencia centrada en el cliente, con:<\/p>\n<ul>\n<li><strong>Conocimiento local:<\/strong> Una perspectiva inigualable de los mejores barrios de J\u00e1vea, Moraira y D\u00e9nia.<\/li>\n<li><strong>Asistencia multiling\u00fce:<\/strong> Hablamos tu idioma, garantizando una comunicaci\u00f3n clara en cada etapa.<\/li>\n<li><strong>Red profesional:<\/strong> Acceso a abogados, asesores fiscales y arquitectos t\u00e9cnicos de confianza.<\/li>\n<li><strong>Servicio integral:<\/strong> Desde las primeras visitas y la negociaci\u00f3n del precio hasta la firma del contrato notarial y el soporte posventa.<\/li>\n<\/ul>\n<h2>\u00danete al estilo de vida de la Costa Blanca<\/h2>\n<p>Con sede en J\u00e1vea, nos enorgullece formar parte de una comunidad que valora la calidad de vida, 300 d\u00edas de sol y una gastronom\u00eda de primera clase. En <strong>Costa Blanca Homes<\/strong>, no solo vendemos casas; te ayudamos a encontrar tu lugar ideal.<\/p>\n<p><strong>\u00bfListo para empezar tu aventura?<\/strong><\/p>\n<p>Explora <strong><a href=\"https:\/\/www.costablanca.homes\/es\/propiedades-en-venta\/\" target=\"_blank\" rel=\"noopener\">nuestras \u00faltimas propiedades<\/a><\/strong> o <strong><a href=\"https:\/\/www.costablanca.homes\/es\/contactenos\/\" target=\"_blank\" rel=\"noopener\">contacta hoy mismo con nuestro equipo de expertos<\/a><\/strong> para hablar sobre tus necesidades.<\/p>\n","protected":false},"excerpt":{"rendered":"<p>Acerca de Costa Blanca Homes: Su socio inmobiliario de confianza en J\u00e1vea Bienvenido a Costa Blanca Homes, la agencia inmobiliaria boutique l\u00edder en el coraz\u00f3n de J\u00e1vea (X\u00e0bia). Tanto si busca una villa vacacional soleada, un moderno proyecto de obra nueva o una oportunidad de inversi\u00f3n de alta rentabilidad, estamos aqu\u00ed para hacer realidad sus [&hellip;]<\/p>\n","protected":false},"author":5,"featured_media":0,"parent":0,"menu_order":0,"comment_status":"closed","ping_status":"closed","template":"","meta":{"_acf_changed":false,"_seopress_robots_primary_cat":"","_seopress_titles_title":"","_seopress_titles_desc":"\u00bfBuscas una propiedad en J\u00e1vea? Costa Blanca Homes se especializa en propiedades de lujo de segunda mano, proyectos de obra nueva e inversi\u00f3n inmobiliaria en la Costa Blanca Norte. Descubre la casa de tus sue\u00f1os en Espa\u00f1a con nuestro equipo de expertos.","_seopress_robots_index":"","footnotes":""},"class_list":["post-133","page","type-page","status-publish","hentry"],"acf":[],"_links":{"self":[{"href":"https:\/\/www.costablanca.homes\/es\/wp-json\/wp\/v2\/pages\/133","targetHints":{"allow":["GET"]}}],"collection":[{"href":"https:\/\/www.costablanca.homes\/es\/wp-json\/wp\/v2\/pages"}],"about":[{"href":"https:\/\/www.costablanca.homes\/es\/wp-json\/wp\/v2\/types\/page"}],"author":[{"embeddable":true,"href":"https:\/\/www.costablanca.homes\/es\/wp-json\/wp\/v2\/users\/5"}],"replies":[{"embeddable":true,"href":"https:\/\/www.costablanca.homes\/es\/wp-json\/wp\/v2\/comments?post=133"}],"version-history":[{"count":0,"href":"https:\/\/www.costablanca.homes\/es\/wp-json\/wp\/v2\/pages\/133\/revisions"}],"wp:attachment":[{"href":"https:\/\/www.costablanca.homes\/es\/wp-json\/wp\/v2\/media?parent=133"}],"curies":[{"name":"wp","href":"https:\/\/api.w.org\/{rel}","templated":true}]}}