{"id":90272,"date":"2014-05-26T15:48:39","date_gmt":"2014-05-26T13:48:39","guid":{"rendered":"https:\/\/www.costablanca.homes\/about\/"},"modified":"2026-03-07T15:03:44","modified_gmt":"2026-03-07T14:03:44","slug":"ueber-uns","status":"publish","type":"page","link":"https:\/\/www.costablanca.homes\/de\/ueber-uns\/","title":{"rendered":"\u00dcber Uns"},"content":{"rendered":"<h2>\u00dcber Costa Blanca Homes: Ihre vertrauensw\u00fcrdigen Immobilienpartner in J\u00e1vea<\/h2>\n<p>Willkommen bei <strong>Costa Blanca Homes<\/strong>, der f\u00fchrenden Boutique-Immobilienagentur im Herzen von <strong>J\u00e1vea (X\u00e0bia)<\/strong>. Ob Sie eine sonnige Ferienvilla, ein modernes Neubauprojekt oder eine renditestarke Kapitalanlage suchen \u2013 wir helfen Ihnen, Ihren mediterranen Traum zu verwirklichen.<\/p>\n<p>Mit unserer tiefen Leidenschaft f\u00fcr die <strong>Nord-Costa Blanca<\/strong> und unserer langj\u00e4hrigen Erfahrung vor Ort bieten wir Ihnen einen ma\u00dfgeschneiderten, transparenten und professionellen Service, der Sie m\u00fchelos durch die Besonderheiten des spanischen Immobilienmarktes f\u00fchrt.<\/p>\n<h2>Warum Costa Blanca Homes?<\/h2>\n<p>Die Costa Blanca ist mehr als nur eine K\u00fcste; sie ist ein Lebensgef\u00fchl. Vom ikonischen Montg\u00f3-Berg \u00fcber das kristallklare Wasser des Arenal-Strandes bis hin zum historischen Charme der Altstadt von J\u00e1vea \u2013 wir verstehen, was diese Region so besonders macht. Unsere Mission ist es, f\u00fcr unsere Kunden Immobilien zu finden, die diesen einzigartigen mediterranen Geist widerspiegeln.<\/p>\n<p>Was uns auszeichnet, ist unser ganzheitlicher Ansatz im Immobiliengesch\u00e4ft. Wir listen nicht einfach nur Immobilien auf, sondern schaffen ma\u00dfgeschneiderte M\u00f6glichkeiten. Wir sind stolz auf unsere Integrit\u00e4t, unser lokales Netzwerk und unser Engagement f\u00fcr Exzellenz. So stellen wir sicher, dass jeder Kunde \u2013 vom Erstk\u00e4ufer bis zum erfahrenen Bautr\u00e4ger \u2013 die gleiche erstklassige Betreuung erh\u00e4lt.<\/p>\n<h2>Unsere Kernkompetenzen<\/h2>\n<p><strong>Costa Blanca Homes<\/strong> hat sein Gesch\u00e4ft auf drei S\u00e4ulen aufgebaut, um alle Facetten des Immobilienmarktes abzudecken:<\/p>\n<h3>1. Gebrauchte Immobilien<\/h3>\n<p>Der Markt f\u00fcr <strong><a href=\"https:\/\/www.costablanca.homes\/de\/immobilien-aus-zweiter-hand\/\" target=\"_blank\" rel=\"noopener\">Gebrauchte Immobilien in J\u00e1vea<\/a><\/strong> und Umgebung ist dynamisch und vielf\u00e4ltig. Von traditionellen spanischen Fincas mit charakteristischen Holzbalkendecken bis hin zu eleganten, modernen Apartments im Hafenviertel \u2013 unser Portfolio an gebrauchten Immobilien ist sorgf\u00e4ltig ausgew\u00e4hlt. Wir unterst\u00fctzen K\u00e4ufer bei der Suche nach ihrer Traumimmobilie und helfen Verk\u00e4ufern, durch gezieltes und wirkungsvolles Marketing den bestm\u00f6glichen Marktwert zu erzielen.<\/p>\n<h3>2. Projekte &amp; Neubau<\/h3>\n<p>F\u00fcr alle, die ihrem Zuhause eine pers\u00f6nliche Note verleihen m\u00f6chten, ist unsere <strong><a href=\"https:\/\/www.costablanca.homes\/de\/projekte-neue-konstruktionen\/\" target=\"_blank\" rel=\"noopener\">Projekte und Neubau<\/a><\/strong> abteilung un\u00fcbertroffen. Wir arbeiten mit den f\u00fchrenden Architekten und Bauunternehmen der Region zusammen, um Ihnen avantgardistische Designs, energieeffiziente Villen und Immobilienprojekte vom Plan anzubieten. Wir begleiten Sie durch den gesamten Prozess \u2013 von der Grundst\u00fccksauswahl bis zum Einzug in Ihr neues Zuhause.<\/p>\n<h3>3. Investition &amp; Entwicklung<\/h3>\n<p>Die Costa Blanca z\u00e4hlt weiterhin zu den stabilsten und lukrativsten Regionen Europas f\u00fcr Immobilieninvestitionen. Unser <strong><a href=\"https:\/\/www.costablanca.homes\/de\/immobilieninvestitionen-und-entwicklung\/\">Team f\u00fcr Immobilieninvestitionen und -entwicklung<\/a><\/strong> bietet Ihnen fundierte, datenbasierte Beratung. Ob Sie eine Ferienimmobilie zur Vermietung, ein Sanierungsprojekt mit Wertsteigerungspotenzial oder ein gro\u00dffl\u00e4chiges Grundst\u00fccksentwicklungsprojekt suchen \u2013 wir bieten Ihnen die n\u00f6tige Marktkenntnis, um Ihre Rendite zu maximieren.<\/p>\n<h2>Pers\u00f6nliche Beratung auf dem spanischen Markt<\/h2>\n<p>Der Kauf einer Immobilie in Spanien kann ein komplexer Prozess sein. Bei <strong>Costa Blanca Homes<\/strong> schlie\u00dfen wir die L\u00fccke zwischen Ihrem Traum und den rechtlichen Formalit\u00e4ten. Wir bieten Ihnen ein kundenorientiertes Erlebnis mit folgenden Leistungen:<\/p>\n<ul>\n<li><strong>Lokale Expertise:<\/strong> Un\u00fcbertroffene Einblicke in die besten Wohngegenden von J\u00e1vea, Moraira und D\u00e9nia.<\/li>\n<li><strong>Mehrsprachige Unterst\u00fctzung:<\/strong> Wir sprechen Ihre Sprache und gew\u00e4hrleisten so eine reibungslose Kommunikation in jeder Phase.<\/li>\n<li><strong>Professionelles Netzwerk:<\/strong> Zugang zu vertrauensw\u00fcrdigen Anw\u00e4lten, Steuerberatern und Architekten.<\/li>\n<li><strong>Rundum-Service:<\/strong> Von der ersten Besichtigung und Preisverhandlung bis zur notariellen Beurkundung und dem Kundendienst.<\/li>\n<\/ul>\n<h2>Genie\u00dfen Sie den Costa Blanca Lifestyle<\/h2>\n<p>Wir sind in J\u00e1vea ans\u00e4ssig und stolz darauf, Teil einer Gemeinschaft zu sein, die Lebensqualit\u00e4t, 300 Sonnentage im Jahr und erstklassige Gastronomie sch\u00e4tzt. Bei <strong>Costa Blanca Homes<\/strong> verkaufen wir nicht einfach nur H\u00e4user; wir helfen Ihnen, Ihr Traumhaus zu finden.<\/p>\n<p><strong>Sind Sie bereit f\u00fcr Ihre Suche?<\/strong><\/p>\n<p>Entdecken Sie <strong><a href=\"https:\/\/www.costablanca.homes\/de\/immobilien-zu-verkaufen\/\" target=\"_blank\" rel=\"noopener\">unsere aktuellen Angebote<\/a><\/strong> oder <strong><a href=\"https:\/\/www.costablanca.homes\/de\/kontakt\/\" target=\"_blank\" rel=\"noopener\">kontaktieren Sie noch heute unser Expertenteam<\/a><\/strong>, um Ihre W\u00fcnsche zu besprechen.<\/p>\n","protected":false},"excerpt":{"rendered":"<p>\u00dcber Costa Blanca Homes: Ihre vertrauensw\u00fcrdigen Immobilienpartner in J\u00e1vea Willkommen bei Costa Blanca Homes, der f\u00fchrenden Boutique-Immobilienagentur im Herzen von J\u00e1vea (X\u00e0bia). Ob Sie eine sonnige Ferienvilla, ein modernes Neubauprojekt oder eine renditestarke Kapitalanlage suchen \u2013 wir helfen Ihnen, Ihren mediterranen Traum zu verwirklichen. Mit unserer tiefen Leidenschaft f\u00fcr die Nord-Costa Blanca und unserer langj\u00e4hrigen [&hellip;]<\/p>\n","protected":false},"author":5,"featured_media":0,"parent":0,"menu_order":0,"comment_status":"closed","ping_status":"closed","template":"","meta":{"_acf_changed":false,"_seopress_robots_primary_cat":"","_seopress_titles_title":"","_seopress_titles_desc":"Suchen Sie eine Immobilie in J\u00e1vea? Costa Blanca Homes ist spezialisiert auf luxuri\u00f6se Bestandsimmobilien, Neubauprojekte und Immobilieninvestitionen an der n\u00f6rdlichen Costa Blanca. Entdecken Sie mit unserem Expertenteam Ihr Traumhaus in Spanien.","_seopress_robots_index":"","footnotes":""},"class_list":["post-90272","page","type-page","status-publish","hentry"],"acf":[],"_links":{"self":[{"href":"https:\/\/www.costablanca.homes\/de\/wp-json\/wp\/v2\/pages\/90272","targetHints":{"allow":["GET"]}}],"collection":[{"href":"https:\/\/www.costablanca.homes\/de\/wp-json\/wp\/v2\/pages"}],"about":[{"href":"https:\/\/www.costablanca.homes\/de\/wp-json\/wp\/v2\/types\/page"}],"author":[{"embeddable":true,"href":"https:\/\/www.costablanca.homes\/de\/wp-json\/wp\/v2\/users\/5"}],"replies":[{"embeddable":true,"href":"https:\/\/www.costablanca.homes\/de\/wp-json\/wp\/v2\/comments?post=90272"}],"version-history":[{"count":0,"href":"https:\/\/www.costablanca.homes\/de\/wp-json\/wp\/v2\/pages\/90272\/revisions"}],"wp:attachment":[{"href":"https:\/\/www.costablanca.homes\/de\/wp-json\/wp\/v2\/media?parent=90272"}],"curies":[{"name":"wp","href":"https:\/\/api.w.org\/{rel}","templated":true}]}}